{"id":11077,"date":"2022-11-30T10:14:48","date_gmt":"2022-11-30T10:14:48","guid":{"rendered":"https:\/\/ageraventurat.com\/altres-activitats\/"},"modified":"2022-11-30T10:25:56","modified_gmt":"2022-11-30T10:25:56","slug":"otras-actividades","status":"publish","type":"page","link":"https:\/\/ageraventurat.com\/es\/otras-actividades\/","title":{"rendered":"Otras actividades"},"content":{"rendered":"<p><div class=\"fusion-fullwidth fullwidth-box fusion-builder-row-1 fusion-flex-container nonhundred-percent-fullwidth non-hundred-percent-height-scrolling\" style=\"background-color: rgba(255,255,255,0);background-position: center center;background-repeat: no-repeat;border-width: 0px 0px 0px 0px;border-color:#f7f7f7;border-style:solid;\" ><div class=\"fusion-builder-row fusion-row fusion-flex-align-items-flex-start\" style=\"max-width:1216.8px;margin-left: calc(-4% \/ 2 );margin-right: calc(-4% \/ 2 );\"><div class=\"fusion-layout-column fusion_builder_column fusion-builder-column-0 fusion_builder_column_1_1 1_1 fusion-flex-column\"><div class=\"fusion-column-wrapper fusion-flex-justify-content-flex-start fusion-content-layout-column\" style=\"background-position:left top;background-repeat:no-repeat;-webkit-background-size:cover;-moz-background-size:cover;-o-background-size:cover;background-size:cover;padding: 0px 0px 0px 0px;\"><style type=\"text\/css\">@media only screen and (max-width:1000px) {.fusion-title.fusion-title-1{margin-top:0px!important;margin-bottom:31px!important;}}<\/style><div class=\"fusion-title title fusion-title-1 fusion-sep-none fusion-title-center fusion-title-text fusion-title-size-two\" style=\"margin-top:0px;margin-bottom:31px;\"><h2 class=\"title-heading-center\" style=\"margin:0;\"><h1 style=\"color: #1798a7; font-size: 28px;\">Otras actividades<\/h1><\/h2><\/div><div class=\"fusion-text fusion-text-1\" style=\"font-size:20px;transform:translate3d(0,0,0);\"><p>Vols en parapent a \u00c0ger. Posem al teu abast diferents tipus de vols en parapent bipla\u00e7a amb pilots experts per tal que puguis escollir el que m\u00e9s s&#8217;assembli al que busques:<\/p>\n<\/div><\/div><\/div><style type=\"text\/css\">.fusion-body .fusion-builder-column-0{width:100% !important;margin-top : 15px;margin-bottom : 15px;}.fusion-builder-column-0 > .fusion-column-wrapper {padding-top : 0px !important;padding-right : 0px !important;margin-right : 1.92%;padding-bottom : 0px !important;padding-left : 0px !important;margin-left : 1.92%;}@media only screen and (max-width:1000px) {.fusion-body .fusion-builder-column-0{width:100% !important;order : 0;}.fusion-builder-column-0 > .fusion-column-wrapper {margin-right : 1.92%;margin-left : 1.92%;}}@media only screen and (max-width:640px) {.fusion-body .fusion-builder-column-0{width:100% !important;order : 0;}.fusion-builder-column-0 > .fusion-column-wrapper {margin-right : 1.92%;margin-left : 1.92%;}}<\/style><\/div><style type=\"text\/css\">.fusion-body .fusion-flex-container.fusion-builder-row-1{ padding-top : 50px;margin-top : 0px;padding-right : 0px;padding-bottom : 0px;margin-bottom : 0px;padding-left : 0px;}<\/style><\/div><div class=\"fusion-fullwidth fullwidth-box fusion-builder-row-2 fusion-flex-container nonhundred-percent-fullwidth non-hundred-percent-height-scrolling\" style=\"background-color: rgba(255,255,255,0);background-position: center center;background-repeat: no-repeat;border-width: 0px 0px 0px 0px;border-color:#f7f7f7;border-style:solid;\" ><div class=\"fusion-builder-row fusion-row fusion-flex-align-items-stretch\" style=\"max-width:1216.8px;margin-left: calc(-4% \/ 2 );margin-right: calc(-4% \/ 2 );\"><div class=\"fusion-layout-column fusion_builder_column fusion-builder-column-1 fusion_builder_column_1_3 1_3 fusion-flex-column\"><div class=\"fusion-column-wrapper fusion-flex-justify-content-flex-start fusion-content-layout-column\" style=\"background-position:left top;background-repeat:no-repeat;-webkit-background-size:cover;-moz-background-size:cover;-o-background-size:cover;background-size:cover;background-color:#ffffff;padding: 0px 0px 0px 0px;\"><div class=\"fusion-builder-row fusion-builder-row-inner fusion-row fusion-flex-align-items-stretch\" style=\"width:104% !important;max-width:104% !important;margin-left: calc(-4% \/ 2 );margin-right: calc(-4% \/ 2 );\"><div class=\"fusion-layout-column fusion_builder_column_inner fusion-builder-nested-column-0 fusion_builder_column_inner_1_1 1_1 fusion-flex-column fusion-column-inner-bg-wrapper\"><div class=\"fusion-column-wrapper fusion-flex-justify-content-flex-start fusion-content-layout-column\" style=\"padding: 250px 30px 0px 30px;\" data-bg-url=\"https:\/\/ageraventurat.com\/wp-content\/uploads\/2021\/10\/5-activitats-per-aquesta-setmana-santa-al-congost-de-montrebei.jpg\"><style type=\"text\/css\">@media only screen and (max-width:1000px) {.fusion-title.fusion-title-2{margin-top:0px!important;margin-bottom:20px!important;}}<\/style><div class=\"fusion-title title fusion-title-2 fusion-sep-none fusion-title-text fusion-title-size-two\" style=\"font-size:20px;margin-top:0px;margin-bottom:20px;\"><h2 class=\"title-heading-left\" style=\"margin:0;font-size:1em;color:#ffffff;\">Pack Regalo<\/h2><\/div><\/div><span class=\"fusion-column-inner-bg hover-type-zoomin\"><a class=\"fusion-column-inner-anchor\"><span class=\"fusion-column-inner-bg-image lazyload\" style=\"background-image: linear-gradient(180deg, rgba(0,0,0,0) 50%,rgba(0,0,0,0.5) 100%),url(https:\/\/ageraventurat.com\/wp-content\/uploads\/2021\/10\/5-activitats-per-aquesta-setmana-santa-al-congost-de-montrebei.jpg);background-position:left center;background-repeat:no-repeat;-webkit-background-size:cover;-moz-background-size:cover;-o-background-size:cover;background-size:cover;\" data-bg-height=\"800\" data-bg-width=\"1417\" data-bg=\"https:\/\/ageraventurat.com\/wp-content\/uploads\/2021\/10\/5-activitats-per-aquesta-setmana-santa-al-congost-de-montrebei.jpg\" data-bg-gradient=\"linear-gradient(180deg, rgba(0,0,0,0) 50%,rgba(0,0,0,0.5) 100%)\"><\/span><\/a><\/span><\/div><style type=\"text\/css\">.fusion-body .fusion-builder-nested-column-0{width:100% !important;margin-top : 0px;margin-bottom : 0px;}.fusion-builder-nested-column-0 > .fusion-column-wrapper {padding-top : 250px !important;padding-right : 30px !important;margin-right : 1.92%;padding-bottom : 0px !important;padding-left : 30px !important;margin-left : 1.92%;}.fusion-flex-container .fusion-row .fusion-builder-nested-column-0 > .fusion-column-inner-bg { margin-right:1.92%;margin-left:1.92%; }@media only screen and (max-width:1000px) {.fusion-body .fusion-builder-nested-column-0{width:100% !important;order : 0;}.fusion-builder-nested-column-0 > .fusion-column-wrapper {margin-right : 1.92%;margin-left : 1.92%;}.fusion-flex-container .fusion-row .fusion-builder-nested-column-0 > .fusion-column-inner-bg { margin-right:1.92%;margin-left:1.92%; }}@media only screen and (max-width:640px) {.fusion-body .fusion-builder-nested-column-0{width:100% !important;order : 0;}.fusion-builder-nested-column-0 > .fusion-column-wrapper {margin-right : 1.92%;margin-left : 1.92%;}.fusion-flex-container .fusion-row .fusion-builder-nested-column-0 > .fusion-column-inner-bg { margin-right:1.92%;margin-left:1.92%; }}<\/style><\/div><div class=\"fusion-builder-row fusion-builder-row-inner fusion-row fusion-flex-align-items-stretch\" style=\"width:104% !important;max-width:104% !important;margin-left: calc(-4% \/ 2 );margin-right: calc(-4% \/ 2 );\"><div class=\"fusion-layout-column fusion_builder_column_inner fusion-builder-nested-column-1 fusion_builder_column_inner_1_1 1_1 fusion-flex-column\"><div class=\"fusion-column-wrapper fusion-flex-justify-content-flex-start fusion-content-layout-column\" style=\"background-position:left top;background-repeat:no-repeat;-webkit-background-size:cover;-moz-background-size:cover;-o-background-size:cover;background-size:cover;background-color:#ffffff;padding: 30px 15px 30px 15px;\"><div class=\"fusion-content-boxes content-boxes columns row fusion-columns-2 fusion-columns-total-2 fusion-content-boxes-1 content-boxes-icon-on-top content-left\" data-animationOffset=\"100%\" style=\"margin-top:0px;margin-bottom:0px;\"><style type=\"text\/css\">.fusion-content-boxes-1 .heading .content-box-heading {color:#2c7294;}\n\t\t\t\t\t.fusion-content-boxes-1 .fusion-content-box-hover .link-area-link-icon-hover .heading .content-box-heading,\n\t\t\t\t\t.fusion-content-boxes-1 .fusion-content-box-hover .link-area-link-icon-hover .heading .heading-link .content-box-heading,\n\t\t\t\t\t.fusion-content-boxes-1 .fusion-content-box-hover .link-area-box-hover .heading .content-box-heading,\n\t\t\t\t\t.fusion-content-boxes-1 .fusion-content-box-hover .link-area-box-hover .heading .heading-link .content-box-heading,\n\t\t\t\t\t.fusion-content-boxes-1 .fusion-content-box-hover .link-area-link-icon-hover.link-area-box .fusion-read-more,\n\t\t\t\t\t.fusion-content-boxes-1 .fusion-content-box-hover .link-area-link-icon-hover.link-area-box .fusion-read-more::after,\n\t\t\t\t\t.fusion-content-boxes-1 .fusion-content-box-hover .link-area-link-icon-hover.link-area-box .fusion-read-more::before,\n\t\t\t\t\t.fusion-content-boxes-1 .fusion-content-box-hover .fusion-read-more:hover:after,\n\t\t\t\t\t.fusion-content-boxes-1 .fusion-content-box-hover .fusion-read-more:hover:before,\n\t\t\t\t\t.fusion-content-boxes-1 .fusion-content-box-hover .fusion-read-more:hover,\n\t\t\t\t\t.fusion-content-boxes-1 .fusion-content-box-hover .link-area-box-hover.link-area-box .fusion-read-more,\n\t\t\t\t\t.fusion-content-boxes-1 .fusion-content-box-hover .link-area-box-hover.link-area-box .fusion-read-more::after,\n\t\t\t\t\t.fusion-content-boxes-1 .fusion-content-box-hover .link-area-box-hover.link-area-box .fusion-read-more::before,\n\t\t\t\t\t.fusion-content-boxes-1 .fusion-content-box-hover .link-area-link-icon-hover .icon .circle-no,\n\t\t\t\t\t.fusion-content-boxes-1 .heading .heading-link:hover .content-box-heading {\n\t\t\t\t\t\tcolor: #3a4149;\n\t\t\t\t\t}\n\t\t\t\t\t.fusion-content-boxes-1 .fusion-content-box-hover .link-area-box-hover .icon .circle-no {\n\t\t\t\t\t\tcolor: #3a4149 !important;\n\t\t\t\t\t}.fusion-content-boxes-1 .fusion-content-box-hover .link-area-box.link-area-box-hover .fusion-content-box-button {background: #fcb77e;color: #ffffff;}.fusion-content-boxes-1 .fusion-content-box-hover .link-area-box.link-area-box-hover .fusion-content-box-button .fusion-button-text {color: #ffffff;}\n\t\t\t\t\t.fusion-content-boxes-1 .fusion-content-box-hover .link-area-link-icon-hover .heading .icon > span {\n\t\t\t\t\t\tbackground-color: #3a4149 !important;\n\t\t\t\t\t}\n\t\t\t\t\t.fusion-content-boxes-1 .fusion-content-box-hover .link-area-box-hover .heading .icon > span {\n\t\t\t\t\t\tborder-color: #3a4149 !important;\n\t\t\t\t\t}<\/style><div class=\"fusion-column content-box-column content-box-column content-box-column-1 col-lg-6 col-md-6 col-sm-6 fusion-content-box-hover content-box-column-first-in-row\"><div class=\"col content-box-wrapper content-wrapper link-area-link-icon icon-hover-animation-fade\" style=\"background-color:rgba(255,255,255,0);\" data-animationOffset=\"100%\"><div class=\"heading heading-with-icon icon-left\"><div aria-hidden=\"true\" class=\"image\"><img decoding=\"async\" class=\"lazyload\" src=\"data:image\/svg+xml,%3Csvg%20xmlns%3D%27http%3A%2F%2Fwww.w3.org%2F2000%2Fsvg%27%20width%3D%27150%27%20height%3D%27150%27%20viewBox%3D%270%200%20150%20150%27%3E%3Crect%20width%3D%27150%27%20height%3D%273150%27%20fill-opacity%3D%220%22%2F%3E%3C%2Fsvg%3E\" data-orig-src=\"https:\/\/ageraventurat.com\/wp-content\/uploads\/2021\/10\/barco-yellow_1.png\" width=\"100\" height=\"100\" alt=\"\" \/><\/div><h3 class=\"content-box-heading\" style=\"font-size:22px;line-height:27px;\">Actividad<\/h3><\/div><div class=\"fusion-clearfix\"><\/div><div class=\"content-container\" style=\"color:#333333;\">\n<p>A escoger<\/p>\n<\/div><\/div><\/div><div class=\"fusion-column content-box-column content-box-column content-box-column-2 col-lg-6 col-md-6 col-sm-6 fusion-content-box-hover content-box-column-last content-box-column-last-in-row\"><div class=\"col content-box-wrapper content-wrapper link-area-link-icon icon-hover-animation-fade\" style=\"background-color:rgba(255,255,255,0);\" data-animationOffset=\"100%\"><div class=\"heading heading-with-icon icon-left\"><div aria-hidden=\"true\" class=\"image\"><img decoding=\"async\" class=\"lazyload\" src=\"data:image\/svg+xml,%3Csvg%20xmlns%3D%27http%3A%2F%2Fwww.w3.org%2F2000%2Fsvg%27%20width%3D%27100%27%20height%3D%27100%27%20viewBox%3D%270%200%20100%20100%27%3E%3Crect%20width%3D%27100%27%20height%3D%273100%27%20fill-opacity%3D%220%22%2F%3E%3C%2Fsvg%3E\" data-orig-src=\"https:\/\/ageraventurat.com\/wp-content\/uploads\/2021\/10\/time-yellow.png\" width=\"100\" height=\"100\" alt=\"\" \/><\/div><h3 class=\"content-box-heading\" style=\"font-size:22px;line-height:27px;\">Fecha<\/h3><\/div><div class=\"fusion-clearfix\"><\/div><div class=\"content-container\" style=\"color:#333333;\">\n<p>A escoger<\/p>\n<\/div><\/div><\/div><style type=\"text\/css\">\n\t\t\t\t\t\t.fusion-content-boxes-1 .fusion-content-box-hover .heading-link:hover .icon i.circle-yes,\n\t\t\t\t\t\t.fusion-content-boxes-1 .fusion-content-box-hover .link-area-box:hover .heading-link .icon i.circle-yes,\n\t\t\t\t\t\t.fusion-content-boxes-1 .fusion-content-box-hover .link-area-link-icon-hover .heading .icon i.circle-yes,\n\t\t\t\t\t\t.fusion-content-boxes-1 .fusion-content-box-hover .link-area-box-hover .heading .icon i.circle-yes {\n\t\t\t\t\t\t\tbackground-color: #3a4149 !important;\n\t\t\t\t\t\t\tborder-color: #3a4149 !important;\n\t\t\t\t\t\t}<\/style><div class=\"fusion-clearfix\"><\/div><\/div><div style=\"text-align:center;\"><style type=\"text\/css\">.fusion-button.button-1 {border-radius:50px;}<\/style><a class=\"fusion-button button-flat fusion-button-default-size button-default button-1 fusion-button-default-span fusion-button-default-type\" target=\"_self\" href=\"\/es\/actividades\/pack-regalo\/\"><span class=\"fusion-button-text\">Saber m\u00e1s<\/span><\/a><\/div><\/div><\/div><style type=\"text\/css\">.fusion-body .fusion-builder-nested-column-1{width:100% !important;margin-top : 0px;margin-bottom : 0px;}.fusion-builder-nested-column-1 > .fusion-column-wrapper {padding-top : 30px !important;padding-right : 15px !important;margin-right : 1.92%;padding-bottom : 30px !important;padding-left : 15px !important;margin-left : 1.92%;}@media only screen and (max-width:1000px) {.fusion-body .fusion-builder-nested-column-1{width:100% !important;order : 0;}.fusion-builder-nested-column-1 > .fusion-column-wrapper {margin-right : 1.92%;margin-left : 1.92%;}}@media only screen and (max-width:640px) {.fusion-body .fusion-builder-nested-column-1{width:100% !important;order : 0;}.fusion-builder-nested-column-1 > .fusion-column-wrapper {margin-right : 1.92%;margin-left : 1.92%;}}<\/style><\/div><\/div><\/div><style type=\"text\/css\">.fusion-body .fusion-builder-column-1{width:33.333333333333% !important;margin-top : 15px;margin-bottom : 30px;}.fusion-builder-column-1 > .fusion-column-wrapper {padding-top : 0px !important;padding-right : 0px !important;margin-right : 5.76%;padding-bottom : 0px !important;padding-left : 0px !important;margin-left : 5.76%;}@media only screen and (max-width:1000px) {.fusion-body .fusion-builder-column-1{width:100% !important;order : 0;}.fusion-builder-column-1 > .fusion-column-wrapper {margin-right : 1.92%;margin-left : 1.92%;}}@media only screen and (max-width:640px) {.fusion-body .fusion-builder-column-1{width:100% !important;order : 0;}.fusion-builder-column-1 > .fusion-column-wrapper {margin-right : 1.92%;margin-left : 1.92%;}}<\/style><\/div><style type=\"text\/css\">.fusion-body .fusion-flex-container.fusion-builder-row-2{ padding-top : 0px;margin-top : 0px;padding-right : 0px;padding-bottom : 70px;margin-bottom : 0px;padding-left : 0px;}<\/style><\/div><div class=\"fusion-fullwidth fullwidth-box fusion-builder-row-3 fusion-flex-container nonhundred-percent-fullwidth non-hundred-percent-height-scrolling\" style=\"background-color: rgba(255,255,255,0);background-position: center center;background-repeat: no-repeat;border-width: 0px 0px 0px 0px;border-color:#f7f7f7;border-style:solid;\" ><div class=\"fusion-builder-row fusion-row fusion-flex-align-items-flex-start\" style=\"max-width:1216.8px;margin-left: calc(-4% \/ 2 );margin-right: calc(-4% \/ 2 );\"><div class=\"fusion-layout-column fusion_builder_column fusion-builder-column-2 fusion_builder_column_1_1 1_1 fusion-flex-column\"><div class=\"fusion-column-wrapper fusion-flex-justify-content-flex-start fusion-content-layout-column\" style=\"background-position:left top;background-repeat:no-repeat;-webkit-background-size:cover;-moz-background-size:cover;-o-background-size:cover;background-size:cover;padding: 0px 0px 0px 0px;\"><div class=\"fusion-text fusion-text-2\" style=\"transform:translate3d(0,0,0);\"><h3 style=\"color: #1798a7; font-size: 28px; text-align: center;\">Vine a \u00c0ger a volar amb parapent!<\/h3>\n<p style=\"text-align: center;\">Sabies que la Vall d&#8217;\u00c0ger \u00e9s un dels millors llocs del m\u00f3n per practicar aquesta activitat?<\/p>\n<p style=\"text-align: center;\">Doncs s\u00ed, la <strong>Vall d&#8217;Ager<\/strong> \u00e9s un lloc reconegut mundialment per la seva idone\u00eftat per al <strong>vol en parapent<\/strong> a la seva famosa serralada, la <strong>Serra del Montsec<\/strong>. Aquesta vall, a difer\u00e8ncia del Pirineu, t\u00e9 una orientaci\u00f3 d&#8217;est a oest. Aquesta orientaci\u00f3 propicia que la muntanya sempre quedi insolada; \u00e9s per aquest motiu podem aprofitar els corrents t\u00e8rmics durant tot el dia per <strong>volar en parapent<\/strong>.<\/p>\n<p style=\"text-align: center;\">El segon motiu per venir a gaudir del teu vol amb parapent a <strong>\u00c0ger<\/strong> \u00e9s la bellesa del relleu i els paisatges de la nostra zona. Veritablement s\u00f3n un gran valor afegit a l&#8217;experi\u00e8ncia.<\/p>\n<p style=\"text-align: center;\">Un altre dels punts a favor \u00e9s que disposem de diferents punts d&#8217;enlairament dels\u00a0vols en parapent. Aix\u00ed, podem fer servir un o altre depenent de les condicions meteorol\u00f2giques.<\/p>\n<p style=\"text-align: center;\">A m\u00e9s, tens diferents tipus de vols en <strong>parapent bipla\u00e7a<\/strong> per triar segons el que prefereixis. Sempre a c\u00e0rrec dels nostres pilots experts que faran que visquis una experi\u00e8ncia fabulosa i inoblidable.<\/p>\n<\/div><\/div><\/div><style type=\"text\/css\">.fusion-body .fusion-builder-column-2{width:100% !important;margin-top : 15px;margin-bottom : 15px;}.fusion-builder-column-2 > .fusion-column-wrapper {padding-top : 0px !important;padding-right : 0px !important;margin-right : 1.92%;padding-bottom : 0px !important;padding-left : 0px !important;margin-left : 1.92%;}@media only screen and (max-width:1000px) {.fusion-body .fusion-builder-column-2{width:100% !important;order : 0;}.fusion-builder-column-2 > .fusion-column-wrapper {margin-right : 1.92%;margin-left : 1.92%;}}@media only screen and (max-width:640px) {.fusion-body .fusion-builder-column-2{width:100% !important;order : 0;}.fusion-builder-column-2 > .fusion-column-wrapper {margin-right : 1.92%;margin-left : 1.92%;}}<\/style><\/div><style type=\"text\/css\">.fusion-body .fusion-flex-container.fusion-builder-row-3{ padding-top : 0px;margin-top : 0px;padding-right : 0px;padding-bottom : 0px;margin-bottom : 0px;padding-left : 0px;}<\/style><\/div><\/p>\n","protected":false},"excerpt":{"rendered":"","protected":false},"author":1,"featured_media":0,"parent":0,"menu_order":0,"comment_status":"closed","ping_status":"closed","template":"100-width.php","meta":{"footnotes":""},"class_list":["post-11077","page","type-page","status-publish","hentry"],"yoast_head":"<!-- This site is optimized with the Yoast SEO plugin v24.2 - https:\/\/yoast.com\/wordpress\/plugins\/seo\/ -->\n<title>Otras actividades - Mont Rebei | \u00c0ger Aventura&#039;t<\/title>\n<meta name=\"robots\" content=\"index, follow, max-snippet:-1, max-image-preview:large, max-video-preview:-1\" \/>\n<link rel=\"canonical\" href=\"https:\/\/ageraventurat.com\/es\/otras-actividades\/\" \/>\n<meta property=\"og:locale\" content=\"es_ES\" \/>\n<meta property=\"og:type\" content=\"article\" \/>\n<meta property=\"og:title\" content=\"Otras actividades - Mont Rebei | \u00c0ger Aventura&#039;t\" \/>\n<meta property=\"og:url\" content=\"https:\/\/ageraventurat.com\/es\/otras-actividades\/\" \/>\n<meta property=\"og:site_name\" content=\"Mont Rebei | \u00c0ger Aventura&#039;t\" \/>\n<meta name=\"twitter:card\" content=\"summary_large_image\" \/>\n<meta name=\"twitter:label1\" content=\"Tiempo de lectura\" \/>\n\t<meta name=\"twitter:data1\" content=\"5 minutos\" \/>\n<script type=\"application\/ld+json\" class=\"yoast-schema-graph\">{\"@context\":\"https:\/\/schema.org\",\"@graph\":[{\"@type\":\"WebPage\",\"@id\":\"https:\/\/ageraventurat.com\/es\/otras-actividades\/\",\"url\":\"https:\/\/ageraventurat.com\/es\/otras-actividades\/\",\"name\":\"Otras actividades - Mont Rebei | \u00c0ger Aventura&#039;t\",\"isPartOf\":{\"@id\":\"https:\/\/ageraventurat.com\/#website\"},\"breadcrumb\":{\"@id\":\"https:\/\/ageraventurat.com\/es\/otras-actividades\/#breadcrumb\"},\"inLanguage\":\"es\",\"potentialAction\":[{\"@type\":\"ReadAction\",\"target\":[\"https:\/\/ageraventurat.com\/es\/otras-actividades\/\"]}]},{\"@type\":\"BreadcrumbList\",\"@id\":\"https:\/\/ageraventurat.com\/es\/otras-actividades\/#breadcrumb\",\"itemListElement\":[{\"@type\":\"ListItem\",\"position\":1,\"name\":\"Inici\",\"item\":\"https:\/\/ageraventurat.com\/es\/inici\/\"},{\"@type\":\"ListItem\",\"position\":2,\"name\":\"Otras actividades\"}]},{\"@type\":\"WebSite\",\"@id\":\"https:\/\/ageraventurat.com\/#website\",\"url\":\"https:\/\/ageraventurat.com\/\",\"name\":\"Mont Rebei | \u00c0ger Aventura&#039;t\",\"description\":\"Actividades de aventura: Parapente \u00c0ger, Kayak Congost de Montrebei, trekking, barco, catamar\u00e1n. Muralla de Finestres, escaleras de Montfalc\u00f3, Canelles, La Pertusa...\",\"publisher\":{\"@id\":\"https:\/\/ageraventurat.com\/#organization\"},\"potentialAction\":[{\"@type\":\"SearchAction\",\"target\":{\"@type\":\"EntryPoint\",\"urlTemplate\":\"https:\/\/ageraventurat.com\/?s={search_term_string}\"},\"query-input\":{\"@type\":\"PropertyValueSpecification\",\"valueRequired\":true,\"valueName\":\"search_term_string\"}}],\"inLanguage\":\"es\"},{\"@type\":\"Organization\",\"@id\":\"https:\/\/ageraventurat.com\/#organization\",\"name\":\"\u00c0ger Aventura't\",\"url\":\"https:\/\/ageraventurat.com\/\",\"logo\":{\"@type\":\"ImageObject\",\"inLanguage\":\"es\",\"@id\":\"https:\/\/ageraventurat.com\/#\/schema\/logo\/image\/\",\"url\":\"https:\/\/ageraventurat.com\/wp-content\/uploads\/2023\/01\/logo-ager-aventurat-1x-1.png\",\"contentUrl\":\"https:\/\/ageraventurat.com\/wp-content\/uploads\/2023\/01\/logo-ager-aventurat-1x-1.png\",\"width\":120,\"height\":123,\"caption\":\"\u00c0ger Aventura't\"},\"image\":{\"@id\":\"https:\/\/ageraventurat.com\/#\/schema\/logo\/image\/\"}}]}<\/script>\n<!-- \/ Yoast SEO plugin. -->","yoast_head_json":{"title":"Otras actividades - Mont Rebei | \u00c0ger Aventura&#039;t","robots":{"index":"index","follow":"follow","max-snippet":"max-snippet:-1","max-image-preview":"max-image-preview:large","max-video-preview":"max-video-preview:-1"},"canonical":"https:\/\/ageraventurat.com\/es\/otras-actividades\/","og_locale":"es_ES","og_type":"article","og_title":"Otras actividades - Mont Rebei | \u00c0ger Aventura&#039;t","og_url":"https:\/\/ageraventurat.com\/es\/otras-actividades\/","og_site_name":"Mont Rebei | \u00c0ger Aventura&#039;t","twitter_card":"summary_large_image","twitter_misc":{"Tiempo de lectura":"5 minutos"},"schema":{"@context":"https:\/\/schema.org","@graph":[{"@type":"WebPage","@id":"https:\/\/ageraventurat.com\/es\/otras-actividades\/","url":"https:\/\/ageraventurat.com\/es\/otras-actividades\/","name":"Otras actividades - Mont Rebei | \u00c0ger Aventura&#039;t","isPartOf":{"@id":"https:\/\/ageraventurat.com\/#website"},"breadcrumb":{"@id":"https:\/\/ageraventurat.com\/es\/otras-actividades\/#breadcrumb"},"inLanguage":"es","potentialAction":[{"@type":"ReadAction","target":["https:\/\/ageraventurat.com\/es\/otras-actividades\/"]}]},{"@type":"BreadcrumbList","@id":"https:\/\/ageraventurat.com\/es\/otras-actividades\/#breadcrumb","itemListElement":[{"@type":"ListItem","position":1,"name":"Inici","item":"https:\/\/ageraventurat.com\/es\/inici\/"},{"@type":"ListItem","position":2,"name":"Otras actividades"}]},{"@type":"WebSite","@id":"https:\/\/ageraventurat.com\/#website","url":"https:\/\/ageraventurat.com\/","name":"Mont Rebei | \u00c0ger Aventura&#039;t","description":"Actividades de aventura: Parapente \u00c0ger, Kayak Congost de Montrebei, trekking, barco, catamar\u00e1n. Muralla de Finestres, escaleras de Montfalc\u00f3, Canelles, La Pertusa...","publisher":{"@id":"https:\/\/ageraventurat.com\/#organization"},"potentialAction":[{"@type":"SearchAction","target":{"@type":"EntryPoint","urlTemplate":"https:\/\/ageraventurat.com\/?s={search_term_string}"},"query-input":{"@type":"PropertyValueSpecification","valueRequired":true,"valueName":"search_term_string"}}],"inLanguage":"es"},{"@type":"Organization","@id":"https:\/\/ageraventurat.com\/#organization","name":"\u00c0ger Aventura't","url":"https:\/\/ageraventurat.com\/","logo":{"@type":"ImageObject","inLanguage":"es","@id":"https:\/\/ageraventurat.com\/#\/schema\/logo\/image\/","url":"https:\/\/ageraventurat.com\/wp-content\/uploads\/2023\/01\/logo-ager-aventurat-1x-1.png","contentUrl":"https:\/\/ageraventurat.com\/wp-content\/uploads\/2023\/01\/logo-ager-aventurat-1x-1.png","width":120,"height":123,"caption":"\u00c0ger Aventura't"},"image":{"@id":"https:\/\/ageraventurat.com\/#\/schema\/logo\/image\/"}}]}},"_links":{"self":[{"href":"https:\/\/ageraventurat.com\/es\/wp-json\/wp\/v2\/pages\/11077","targetHints":{"allow":["GET"]}}],"collection":[{"href":"https:\/\/ageraventurat.com\/es\/wp-json\/wp\/v2\/pages"}],"about":[{"href":"https:\/\/ageraventurat.com\/es\/wp-json\/wp\/v2\/types\/page"}],"author":[{"embeddable":true,"href":"https:\/\/ageraventurat.com\/es\/wp-json\/wp\/v2\/users\/1"}],"replies":[{"embeddable":true,"href":"https:\/\/ageraventurat.com\/es\/wp-json\/wp\/v2\/comments?post=11077"}],"version-history":[{"count":3,"href":"https:\/\/ageraventurat.com\/es\/wp-json\/wp\/v2\/pages\/11077\/revisions"}],"predecessor-version":[{"id":11080,"href":"https:\/\/ageraventurat.com\/es\/wp-json\/wp\/v2\/pages\/11077\/revisions\/11080"}],"wp:attachment":[{"href":"https:\/\/ageraventurat.com\/es\/wp-json\/wp\/v2\/media?parent=11077"}],"curies":[{"name":"wp","href":"https:\/\/api.w.org\/{rel}","templated":true}]}}