{"id":13278,"date":"2024-02-16T07:29:45","date_gmt":"2024-02-16T07:29:45","guid":{"rendered":"https:\/\/ageraventurat.com\/allotjaments\/"},"modified":"2024-04-10T15:13:45","modified_gmt":"2024-04-10T15:13:45","slug":"alojamientos","status":"publish","type":"page","link":"https:\/\/ageraventurat.com\/es\/alojamientos\/","title":{"rendered":"ALOJAMIENTOS"},"content":{"rendered":"<p><div class=\"fusion-fullwidth fullwidth-box fusion-builder-row-1 fusion-flex-container nonhundred-percent-fullwidth non-hundred-percent-height-scrolling\" style=\"background-color: rgba(255,255,255,0);background-position: center center;background-repeat: no-repeat;border-width: 0px 0px 0px 0px;border-color:#f7f7f7;border-style:solid;\" ><div class=\"fusion-builder-row fusion-row fusion-flex-align-items-flex-start\" style=\"max-width:1216.8px;margin-left: calc(-4% \/ 2 );margin-right: calc(-4% \/ 2 );\"><div class=\"fusion-layout-column fusion_builder_column fusion-builder-column-0 fusion_builder_column_1_1 1_1 fusion-flex-column\"><div class=\"fusion-column-wrapper fusion-flex-justify-content-flex-start fusion-content-layout-column\" style=\"background-position:left top;background-repeat:no-repeat;-webkit-background-size:cover;-moz-background-size:cover;-o-background-size:cover;background-size:cover;padding: 0px 0px 0px 0px;\"><style type=\"text\/css\">@media only screen and (max-width:1000px) {.fusion-title.fusion-title-1{margin-top:0px!important;margin-bottom:31px!important;}}<\/style><div class=\"fusion-title title fusion-title-1 fusion-sep-none fusion-title-center fusion-title-text fusion-title-size-two\" style=\"font-size:32px;margin-top:0px;margin-bottom:31px;\"><h2 class=\"title-heading-center\" style=\"font-family:&quot;Work Sans&quot;;font-weight:400;margin:0;font-size:1em;color:#1798a7;\"><strong>Reserva de alojamiento<\/strong><\/h2><\/div><div class=\"fusion-text fusion-text-1\" style=\"text-align:center;font-size:24px;transform:translate3d(0,0,0);\"><p>Reserva su <strong>hospedaje\u00a0<\/strong>directamente desde la p\u00e1gina web de <strong>\u00c0ger Aventura&#8217;t<\/strong>. Encontraras hoteles en la zona del <strong>Congost de Mont-rebei<\/strong>, los alrededores del <strong>Valle de \u00c0ger<\/strong> y la llanura de <strong>Tremp<\/strong>.<\/p>\n<p>Indique la <strong>fecha\u00a0<\/strong>en la que nos quiere visitar y le ense\u00f1aremos los <strong>alojamientos disponibles<\/strong>.<\/p>\n<p>En nuestro <strong>art\u00edculo<\/strong> en el blog encontrar\u00e1 una descripci\u00f3n de los diferentes <strong>alojamientos<\/strong> de la zona por si se le est\u00e1 haciendo dif\u00edcil decidirse por un alojamiento u otro.<\/p>\n<\/div><\/div><\/div><style type=\"text\/css\">.fusion-body .fusion-builder-column-0{width:100% !important;margin-top : 15px;margin-bottom : 15px;}.fusion-builder-column-0 > .fusion-column-wrapper {padding-top : 0px !important;padding-right : 0px !important;margin-right : 1.92%;padding-bottom : 0px !important;padding-left : 0px !important;margin-left : 1.92%;}@media only screen and (max-width:1000px) {.fusion-body .fusion-builder-column-0{width:100% !important;order : 0;}.fusion-builder-column-0 > .fusion-column-wrapper {margin-right : 1.92%;margin-left : 1.92%;}}@media only screen and (max-width:640px) {.fusion-body .fusion-builder-column-0{width:100% !important;order : 0;}.fusion-builder-column-0 > .fusion-column-wrapper {margin-right : 1.92%;margin-left : 1.92%;}}<\/style><\/div><style type=\"text\/css\">.fusion-body .fusion-flex-container.fusion-builder-row-1{ padding-top : 0px;margin-top : 0px;padding-right : 0px;padding-bottom : 0px;margin-bottom : 0px;padding-left : 0px;}<\/style><\/div><div class=\"fusion-fullwidth fullwidth-box fusion-builder-row-2 fusion-flex-container nonhundred-percent-fullwidth non-hundred-percent-height-scrolling\" style=\"background-color: rgba(255,255,255,0);background-position: center center;background-repeat: no-repeat;border-width: 0px 0px 0px 0px;border-color:#f7f7f7;border-style:solid;\" ><div class=\"fusion-builder-row fusion-row fusion-flex-align-items-flex-start\" style=\"max-width:1216.8px;margin-left: calc(-4% \/ 2 );margin-right: calc(-4% \/ 2 );\"><div class=\"fusion-layout-column fusion_builder_column fusion-builder-column-1 fusion_builder_column_1_1 1_1 fusion-flex-column\"><div class=\"fusion-column-wrapper fusion-flex-justify-content-flex-start fusion-content-layout-column\" style=\"background-position:left top;background-repeat:no-repeat;-webkit-background-size:cover;-moz-background-size:cover;-o-background-size:cover;background-size:cover;padding: 0px 0px 0px 0px;\"><div class=\"fusion-text fusion-text-2\" style=\"transform:translate3d(0,0,0);\"><p><iframe style=\"height: 800px;\" src=\"https:\/\/ageraventurat.istay.tech\/\" width=\"100%\"><\/iframe><\/p>\n<\/div><\/div><\/div><style type=\"text\/css\">.fusion-body .fusion-builder-column-1{width:100% !important;margin-top : 15px;margin-bottom : 15px;}.fusion-builder-column-1 > .fusion-column-wrapper {padding-top : 0px !important;padding-right : 0px !important;margin-right : 1.92%;padding-bottom : 0px !important;padding-left : 0px !important;margin-left : 1.92%;}@media only screen and (max-width:1000px) {.fusion-body .fusion-builder-column-1{width:100% !important;order : 0;}.fusion-builder-column-1 > .fusion-column-wrapper {margin-right : 1.92%;margin-left : 1.92%;}}@media only screen and (max-width:640px) {.fusion-body .fusion-builder-column-1{width:100% !important;order : 0;}.fusion-builder-column-1 > .fusion-column-wrapper {margin-right : 1.92%;margin-left : 1.92%;}}<\/style><\/div><style type=\"text\/css\">.fusion-body .fusion-flex-container.fusion-builder-row-2{ padding-top : 0px;margin-top : 0px;padding-right : 0px;padding-bottom : 0px;margin-bottom : 0px;padding-left : 0px;}<\/style><\/div><\/p>\n","protected":false},"excerpt":{"rendered":"","protected":false},"author":1,"featured_media":0,"parent":0,"menu_order":0,"comment_status":"closed","ping_status":"closed","template":"","meta":{"footnotes":""},"class_list":["post-13278","page","type-page","status-publish","hentry"],"yoast_head":"<!-- This site is optimized with the Yoast SEO plugin v24.2 - https:\/\/yoast.com\/wordpress\/plugins\/seo\/ -->\n<title>ALOJAMIENTOS - Mont Rebei | \u00c0ger Aventura&#039;t<\/title>\n<meta name=\"robots\" content=\"index, follow, max-snippet:-1, max-image-preview:large, max-video-preview:-1\" \/>\n<link rel=\"canonical\" href=\"https:\/\/ageraventurat.com\/es\/alojamientos\/\" \/>\n<meta property=\"og:locale\" content=\"es_ES\" \/>\n<meta property=\"og:type\" content=\"article\" \/>\n<meta property=\"og:title\" content=\"ALOJAMIENTOS - Mont Rebei | \u00c0ger Aventura&#039;t\" \/>\n<meta property=\"og:url\" content=\"https:\/\/ageraventurat.com\/es\/alojamientos\/\" \/>\n<meta property=\"og:site_name\" content=\"Mont Rebei | \u00c0ger Aventura&#039;t\" \/>\n<meta name=\"twitter:card\" content=\"summary_large_image\" \/>\n<meta name=\"twitter:label1\" content=\"Tiempo de lectura\" \/>\n\t<meta name=\"twitter:data1\" content=\"7 minutos\" \/>\n<script type=\"application\/ld+json\" class=\"yoast-schema-graph\">{\"@context\":\"https:\/\/schema.org\",\"@graph\":[{\"@type\":\"WebPage\",\"@id\":\"https:\/\/ageraventurat.com\/es\/alojamientos\/\",\"url\":\"https:\/\/ageraventurat.com\/es\/alojamientos\/\",\"name\":\"ALOJAMIENTOS - Mont Rebei | \u00c0ger Aventura&#039;t\",\"isPartOf\":{\"@id\":\"https:\/\/ageraventurat.com\/#website\"},\"breadcrumb\":{\"@id\":\"https:\/\/ageraventurat.com\/es\/alojamientos\/#breadcrumb\"},\"inLanguage\":\"es\",\"potentialAction\":[{\"@type\":\"ReadAction\",\"target\":[\"https:\/\/ageraventurat.com\/es\/alojamientos\/\"]}]},{\"@type\":\"BreadcrumbList\",\"@id\":\"https:\/\/ageraventurat.com\/es\/alojamientos\/#breadcrumb\",\"itemListElement\":[{\"@type\":\"ListItem\",\"position\":1,\"name\":\"Inici\",\"item\":\"https:\/\/ageraventurat.com\/es\/inici\/\"},{\"@type\":\"ListItem\",\"position\":2,\"name\":\"ALOJAMIENTOS\"}]},{\"@type\":\"WebSite\",\"@id\":\"https:\/\/ageraventurat.com\/#website\",\"url\":\"https:\/\/ageraventurat.com\/\",\"name\":\"Mont Rebei | \u00c0ger Aventura&#039;t\",\"description\":\"Actividades de aventura: Parapente \u00c0ger, Kayak Congost de Montrebei, trekking, barco, catamar\u00e1n. Muralla de Finestres, escaleras de Montfalc\u00f3, Canelles, La Pertusa...\",\"publisher\":{\"@id\":\"https:\/\/ageraventurat.com\/#organization\"},\"potentialAction\":[{\"@type\":\"SearchAction\",\"target\":{\"@type\":\"EntryPoint\",\"urlTemplate\":\"https:\/\/ageraventurat.com\/?s={search_term_string}\"},\"query-input\":{\"@type\":\"PropertyValueSpecification\",\"valueRequired\":true,\"valueName\":\"search_term_string\"}}],\"inLanguage\":\"es\"},{\"@type\":\"Organization\",\"@id\":\"https:\/\/ageraventurat.com\/#organization\",\"name\":\"\u00c0ger Aventura't\",\"url\":\"https:\/\/ageraventurat.com\/\",\"logo\":{\"@type\":\"ImageObject\",\"inLanguage\":\"es\",\"@id\":\"https:\/\/ageraventurat.com\/#\/schema\/logo\/image\/\",\"url\":\"https:\/\/ageraventurat.com\/wp-content\/uploads\/2023\/01\/logo-ager-aventurat-1x-1.png\",\"contentUrl\":\"https:\/\/ageraventurat.com\/wp-content\/uploads\/2023\/01\/logo-ager-aventurat-1x-1.png\",\"width\":120,\"height\":123,\"caption\":\"\u00c0ger Aventura't\"},\"image\":{\"@id\":\"https:\/\/ageraventurat.com\/#\/schema\/logo\/image\/\"}}]}<\/script>\n<!-- \/ Yoast SEO plugin. -->","yoast_head_json":{"title":"ALOJAMIENTOS - Mont Rebei | \u00c0ger Aventura&#039;t","robots":{"index":"index","follow":"follow","max-snippet":"max-snippet:-1","max-image-preview":"max-image-preview:large","max-video-preview":"max-video-preview:-1"},"canonical":"https:\/\/ageraventurat.com\/es\/alojamientos\/","og_locale":"es_ES","og_type":"article","og_title":"ALOJAMIENTOS - Mont Rebei | \u00c0ger Aventura&#039;t","og_url":"https:\/\/ageraventurat.com\/es\/alojamientos\/","og_site_name":"Mont Rebei | \u00c0ger Aventura&#039;t","twitter_card":"summary_large_image","twitter_misc":{"Tiempo de lectura":"7 minutos"},"schema":{"@context":"https:\/\/schema.org","@graph":[{"@type":"WebPage","@id":"https:\/\/ageraventurat.com\/es\/alojamientos\/","url":"https:\/\/ageraventurat.com\/es\/alojamientos\/","name":"ALOJAMIENTOS - Mont Rebei | \u00c0ger Aventura&#039;t","isPartOf":{"@id":"https:\/\/ageraventurat.com\/#website"},"breadcrumb":{"@id":"https:\/\/ageraventurat.com\/es\/alojamientos\/#breadcrumb"},"inLanguage":"es","potentialAction":[{"@type":"ReadAction","target":["https:\/\/ageraventurat.com\/es\/alojamientos\/"]}]},{"@type":"BreadcrumbList","@id":"https:\/\/ageraventurat.com\/es\/alojamientos\/#breadcrumb","itemListElement":[{"@type":"ListItem","position":1,"name":"Inici","item":"https:\/\/ageraventurat.com\/es\/inici\/"},{"@type":"ListItem","position":2,"name":"ALOJAMIENTOS"}]},{"@type":"WebSite","@id":"https:\/\/ageraventurat.com\/#website","url":"https:\/\/ageraventurat.com\/","name":"Mont Rebei | \u00c0ger Aventura&#039;t","description":"Actividades de aventura: Parapente \u00c0ger, Kayak Congost de Montrebei, trekking, barco, catamar\u00e1n. Muralla de Finestres, escaleras de Montfalc\u00f3, Canelles, La Pertusa...","publisher":{"@id":"https:\/\/ageraventurat.com\/#organization"},"potentialAction":[{"@type":"SearchAction","target":{"@type":"EntryPoint","urlTemplate":"https:\/\/ageraventurat.com\/?s={search_term_string}"},"query-input":{"@type":"PropertyValueSpecification","valueRequired":true,"valueName":"search_term_string"}}],"inLanguage":"es"},{"@type":"Organization","@id":"https:\/\/ageraventurat.com\/#organization","name":"\u00c0ger Aventura't","url":"https:\/\/ageraventurat.com\/","logo":{"@type":"ImageObject","inLanguage":"es","@id":"https:\/\/ageraventurat.com\/#\/schema\/logo\/image\/","url":"https:\/\/ageraventurat.com\/wp-content\/uploads\/2023\/01\/logo-ager-aventurat-1x-1.png","contentUrl":"https:\/\/ageraventurat.com\/wp-content\/uploads\/2023\/01\/logo-ager-aventurat-1x-1.png","width":120,"height":123,"caption":"\u00c0ger Aventura't"},"image":{"@id":"https:\/\/ageraventurat.com\/#\/schema\/logo\/image\/"}}]}},"_links":{"self":[{"href":"https:\/\/ageraventurat.com\/es\/wp-json\/wp\/v2\/pages\/13278","targetHints":{"allow":["GET"]}}],"collection":[{"href":"https:\/\/ageraventurat.com\/es\/wp-json\/wp\/v2\/pages"}],"about":[{"href":"https:\/\/ageraventurat.com\/es\/wp-json\/wp\/v2\/types\/page"}],"author":[{"embeddable":true,"href":"https:\/\/ageraventurat.com\/es\/wp-json\/wp\/v2\/users\/1"}],"replies":[{"embeddable":true,"href":"https:\/\/ageraventurat.com\/es\/wp-json\/wp\/v2\/comments?post=13278"}],"version-history":[{"count":6,"href":"https:\/\/ageraventurat.com\/es\/wp-json\/wp\/v2\/pages\/13278\/revisions"}],"predecessor-version":[{"id":13425,"href":"https:\/\/ageraventurat.com\/es\/wp-json\/wp\/v2\/pages\/13278\/revisions\/13425"}],"wp:attachment":[{"href":"https:\/\/ageraventurat.com\/es\/wp-json\/wp\/v2\/media?parent=13278"}],"curies":[{"name":"wp","href":"https:\/\/api.w.org\/{rel}","templated":true}]}}