{"id":1719,"date":"2021-10-26T13:50:00","date_gmt":"2021-10-26T13:50:00","guid":{"rendered":"https:\/\/ageraventurat.com\/qui-som\/"},"modified":"2022-12-20T17:29:34","modified_gmt":"2022-12-20T17:29:34","slug":"quienes-somos","status":"publish","type":"page","link":"https:\/\/ageraventurat.com\/es\/quienes-somos\/","title":{"rendered":"QUI\u00c9NES SOMOS"},"content":{"rendered":"<div class=\"fusion-fullwidth fullwidth-box fusion-builder-row-1 fusion-flex-container nonhundred-percent-fullwidth non-hundred-percent-height-scrolling\" style=\"background-color: rgba(255,255,255,0);background-position: center center;background-repeat: no-repeat;border-width: 0px 0px 0px 0px;border-color:#f7f7f7;border-style:solid;\" ><div class=\"fusion-builder-row fusion-row fusion-flex-align-items-flex-start\" style=\"max-width:1216.8px;margin-left: calc(-4% \/ 2 );margin-right: calc(-4% \/ 2 );\"><div class=\"fusion-layout-column fusion_builder_column fusion-builder-column-0 fusion_builder_column_1_1 1_1 fusion-flex-column\"><div class=\"fusion-column-wrapper fusion-flex-justify-content-flex-start fusion-content-layout-column\" style=\"background-position:left top;background-repeat:no-repeat;-webkit-background-size:cover;-moz-background-size:cover;-o-background-size:cover;background-size:cover;padding: 0px 0px 0px 0px;\"><style type=\"text\/css\">@media only screen and (max-width:1000px) {.fusion-title.fusion-title-1{margin-top:0px!important;margin-bottom:31px!important;}}<\/style><div class=\"fusion-title title fusion-title-1 fusion-sep-none fusion-title-center fusion-title-text fusion-title-size-four\" style=\"font-size:24px;margin-top:0px;margin-bottom:31px;\"><h4 class=\"title-heading-center\" style=\"font-family:&quot;Work Sans&quot;;font-weight:400;margin:0;font-size:1em;\"><p style=\"text-align: center;\">Te presentamos al equipo de \u00c0ger Aventura&#8217;t.<\/p>\n<p style=\"text-align: center;\">Las personas que har\u00e1n que vivas experiencias \u00fanicas en el <strong>Congost de Montrebei<\/strong> y el <strong>Valle de \u00c0ger<\/strong>:<\/p><\/h4><\/div><\/div><\/div><style type=\"text\/css\">.fusion-body .fusion-builder-column-0{width:100% !important;margin-top : 15px;margin-bottom : 15px;}.fusion-builder-column-0 > .fusion-column-wrapper {padding-top : 0px !important;padding-right : 0px !important;margin-right : 1.92%;padding-bottom : 0px !important;padding-left : 0px !important;margin-left : 1.92%;}@media only screen and (max-width:1000px) {.fusion-body .fusion-builder-column-0{width:100% !important;order : 0;}.fusion-builder-column-0 > .fusion-column-wrapper {margin-right : 1.92%;margin-left : 1.92%;}}@media only screen and (max-width:640px) {.fusion-body .fusion-builder-column-0{width:100% !important;order : 0;}.fusion-builder-column-0 > .fusion-column-wrapper {margin-right : 1.92%;margin-left : 1.92%;}}<\/style><div class=\"fusion-layout-column fusion_builder_column fusion-builder-column-1 fusion_builder_column_1_1 1_1 fusion-flex-column\"><div class=\"fusion-column-wrapper fusion-flex-justify-content-flex-start fusion-content-layout-column\" style=\"background-position:left top;background-repeat:no-repeat;-webkit-background-size:cover;-moz-background-size:cover;-o-background-size:cover;background-size:cover;padding: 0px 0px 0px 0px;\"><div class=\"fusion-content-boxes content-boxes columns row fusion-columns-3 fusion-columns-total-4 fusion-content-boxes-1 content-boxes-icon-on-top content-left\" data-animationOffset=\"100%\" style=\"margin-top:0px;margin-bottom:0px;\"><style type=\"text\/css\">.fusion-content-boxes-1 .heading .content-box-heading {color:#1798a7;}\n\t\t\t\t\t.fusion-content-boxes-1 .fusion-content-box-hover .link-area-link-icon-hover .heading .content-box-heading,\n\t\t\t\t\t.fusion-content-boxes-1 .fusion-content-box-hover .link-area-link-icon-hover .heading .heading-link .content-box-heading,\n\t\t\t\t\t.fusion-content-boxes-1 .fusion-content-box-hover .link-area-box-hover .heading .content-box-heading,\n\t\t\t\t\t.fusion-content-boxes-1 .fusion-content-box-hover .link-area-box-hover .heading .heading-link .content-box-heading,\n\t\t\t\t\t.fusion-content-boxes-1 .fusion-content-box-hover .link-area-link-icon-hover.link-area-box .fusion-read-more,\n\t\t\t\t\t.fusion-content-boxes-1 .fusion-content-box-hover .link-area-link-icon-hover.link-area-box .fusion-read-more::after,\n\t\t\t\t\t.fusion-content-boxes-1 .fusion-content-box-hover .link-area-link-icon-hover.link-area-box .fusion-read-more::before,\n\t\t\t\t\t.fusion-content-boxes-1 .fusion-content-box-hover .fusion-read-more:hover:after,\n\t\t\t\t\t.fusion-content-boxes-1 .fusion-content-box-hover .fusion-read-more:hover:before,\n\t\t\t\t\t.fusion-content-boxes-1 .fusion-content-box-hover .fusion-read-more:hover,\n\t\t\t\t\t.fusion-content-boxes-1 .fusion-content-box-hover .link-area-box-hover.link-area-box .fusion-read-more,\n\t\t\t\t\t.fusion-content-boxes-1 .fusion-content-box-hover .link-area-box-hover.link-area-box .fusion-read-more::after,\n\t\t\t\t\t.fusion-content-boxes-1 .fusion-content-box-hover .link-area-box-hover.link-area-box .fusion-read-more::before,\n\t\t\t\t\t.fusion-content-boxes-1 .fusion-content-box-hover .link-area-link-icon-hover .icon .circle-no,\n\t\t\t\t\t.fusion-content-boxes-1 .heading .heading-link:hover .content-box-heading {\n\t\t\t\t\t\tcolor: #3a4149;\n\t\t\t\t\t}\n\t\t\t\t\t.fusion-content-boxes-1 .fusion-content-box-hover .link-area-box-hover .icon .circle-no {\n\t\t\t\t\t\tcolor: #3a4149 !important;\n\t\t\t\t\t}.fusion-content-boxes-1 .fusion-content-box-hover .link-area-box.link-area-box-hover .fusion-content-box-button {background: #fcb77e;color: #ffffff;}.fusion-content-boxes-1 .fusion-content-box-hover .link-area-box.link-area-box-hover .fusion-content-box-button .fusion-button-text {color: #ffffff;}\n\t\t\t\t\t.fusion-content-boxes-1 .fusion-content-box-hover .link-area-link-icon-hover .heading .icon > span {\n\t\t\t\t\t\tbackground-color: #3a4149 !important;\n\t\t\t\t\t}\n\t\t\t\t\t.fusion-content-boxes-1 .fusion-content-box-hover .link-area-box-hover .heading .icon > span {\n\t\t\t\t\t\tborder-color: #3a4149 !important;\n\t\t\t\t\t}<\/style><div class=\"fusion-column content-box-column content-box-column content-box-column-1 col-lg-4 col-md-4 col-sm-4 fusion-content-box-hover content-box-column-first-in-row\"><div class=\"col content-box-wrapper content-wrapper link-area-link-icon icon-hover-animation-fade\" style=\"background-color:rgba(255,255,255,0);\" data-animationOffset=\"100%\"><div class=\"heading heading-with-icon icon-left\"><div aria-hidden=\"true\" class=\"image\"><img decoding=\"async\" class=\"lazyload\" src=\"data:image\/svg+xml,%3Csvg%20xmlns%3D%27http%3A%2F%2Fwww.w3.org%2F2000%2Fsvg%27%20width%3D%27800%27%20height%3D%27800%27%20viewBox%3D%270%200%20800%20800%27%3E%3Crect%20width%3D%27800%27%20height%3D%273800%27%20fill-opacity%3D%220%22%2F%3E%3C%2Fsvg%3E\" data-orig-src=\"https:\/\/ageraventurat.com\/wp-content\/uploads\/2021\/10\/miquel-pifarre-300x300.jpg\" width=\"300\" height=\"300\" alt=\"Miquel Pifarr\u00e9\" \/><\/div><h2 class=\"content-box-heading\" style=\"font-size:18px;line-height:23px;\">Miquel Pifarr\u00e9<\/h2><\/div><div class=\"fusion-clearfix\"><\/div><div class=\"content-container\" style=\"color:#000000;\">\n<p>Director &#8211; Piloto de <a href=\"\/es\/actividades\/parapente-para-principiantes\/\">parapente<\/a> &#8211; Patr\u00f3n de <a href=\"\/es\/actividades\/catamaran-finestres\/\">catamar\u00e1n<\/a><\/p>\n<\/div><\/div><\/div><div class=\"fusion-column content-box-column content-box-column content-box-column-2 col-lg-4 col-md-4 col-sm-4 fusion-content-box-hover \"><div class=\"col content-box-wrapper content-wrapper link-area-link-icon icon-hover-animation-fade\" style=\"background-color:rgba(255,255,255,0);\" data-animationOffset=\"100%\"><div class=\"heading heading-with-icon icon-left\"><div aria-hidden=\"true\" class=\"image\"><img decoding=\"async\" class=\"lazyload\" src=\"data:image\/svg+xml,%3Csvg%20xmlns%3D%27http%3A%2F%2Fwww.w3.org%2F2000%2Fsvg%27%20width%3D%27475%27%20height%3D%27475%27%20viewBox%3D%270%200%20475%20475%27%3E%3Crect%20width%3D%27475%27%20height%3D%273475%27%20fill-opacity%3D%220%22%2F%3E%3C%2Fsvg%3E\" data-orig-src=\"https:\/\/ageraventurat.com\/wp-content\/uploads\/2021\/10\/roger-pifarre-300x300.jpg\" width=\"300\" height=\"300\" alt=\"Roger Pifarr\u00e9 - Log\u00edstica - Piloto de parapente - Patr\u00f3n de catamar\u00e1n\" \/><\/div><h2 class=\"content-box-heading\" style=\"font-size:18px;line-height:23px;\">Roger Pifarr\u00e9<\/h2><\/div><div class=\"fusion-clearfix\"><\/div><div class=\"content-container\" style=\"color:#000000;\">\n<p>Log\u00edstica &#8211; Piloto de <a href=\"\/es\/actividades\/parapente-biplaza\/\">parapente<\/a> &#8211; Patr\u00f3n de <a href=\"\/es\/actividades\/catamaran-finestres\/\">catamar\u00e1n<\/a><\/p>\n<\/div><\/div><\/div><div class=\"fusion-column content-box-column content-box-column content-box-column-3 col-lg-4 col-md-4 col-sm-4 fusion-content-box-hover content-box-column-last-in-row\"><div class=\"col content-box-wrapper content-wrapper link-area-link-icon icon-hover-animation-fade\" style=\"background-color:rgba(255,255,255,0);\" data-animationOffset=\"100%\"><div class=\"heading heading-with-icon icon-left\"><div aria-hidden=\"true\" class=\"image\"><img decoding=\"async\" class=\"lazyload\" src=\"data:image\/svg+xml,%3Csvg%20xmlns%3D%27http%3A%2F%2Fwww.w3.org%2F2000%2Fsvg%27%20width%3D%27800%27%20height%3D%27800%27%20viewBox%3D%270%200%20800%20800%27%3E%3Crect%20width%3D%27800%27%20height%3D%273800%27%20fill-opacity%3D%220%22%2F%3E%3C%2Fsvg%3E\" data-orig-src=\"https:\/\/ageraventurat.com\/wp-content\/uploads\/2021\/10\/lluisa-abad-300x300.jpg\" width=\"300\" height=\"300\" alt=\"Lluisa Abad - Directora - Coordinadora de reservas | \u00c0ger Aventura&#039;t\" \/><\/div><h2 class=\"content-box-heading\" style=\"font-size:18px;line-height:23px;\">Lluisa Abad<\/h2><\/div><div class=\"fusion-clearfix\"><\/div><div class=\"content-container\" style=\"color:#000000;\">\n<p>Directora &#8211; Coordinadora de reservas<\/p>\n<\/div><\/div><\/div><div class=\"fusion-column content-box-column content-box-column content-box-column-4 col-lg-4 col-md-4 col-sm-4 fusion-content-box-hover content-box-column-first-in-row content-box-column-last\"><div class=\"col content-box-wrapper content-wrapper link-area-link-icon icon-hover-animation-fade\" style=\"background-color:rgba(255,255,255,0);\" data-animationOffset=\"100%\"><div class=\"heading heading-with-icon icon-left\"><div aria-hidden=\"true\" class=\"image\"><img decoding=\"async\" class=\"lazyload\" src=\"data:image\/svg+xml,%3Csvg%20xmlns%3D%27http%3A%2F%2Fwww.w3.org%2F2000%2Fsvg%27%20width%3D%27800%27%20height%3D%27800%27%20viewBox%3D%270%200%20800%20800%27%3E%3Crect%20width%3D%27800%27%20height%3D%273800%27%20fill-opacity%3D%220%22%2F%3E%3C%2Fsvg%3E\" data-orig-src=\"https:\/\/ageraventurat.com\/wp-content\/uploads\/2021\/10\/sergi-pifarre-300x300.jpg\" width=\"300\" height=\"300\" alt=\"Sergi Pifarr\u00e9 - Encargado de la log\u00edstica de kayak - Patr\u00f3n de catamar\u00e1n - Futuro piloto de parapente | \u00c0ger Aventura&#039;t\" \/><\/div><h2 class=\"content-box-heading\" style=\"font-size:18px;line-height:23px;\">Sergi Pifarr\u00e9<\/h2><\/div><div class=\"fusion-clearfix\"><\/div><div class=\"content-container\" style=\"color:#000000;\">\n<p>Encargado de la log\u00edstica de <a href=\"\/es\/actividades\/kayak-mont-rebei\/\">kayak<\/a> &#8211; Patr\u00f3n de catamar\u00e1n &#8211; Futuro piloto de parapente<\/p>\n<\/div><\/div><\/div><style type=\"text\/css\">\n\t\t\t\t\t\t.fusion-content-boxes-1 .fusion-content-box-hover .heading-link:hover .icon i.circle-yes,\n\t\t\t\t\t\t.fusion-content-boxes-1 .fusion-content-box-hover .link-area-box:hover .heading-link .icon i.circle-yes,\n\t\t\t\t\t\t.fusion-content-boxes-1 .fusion-content-box-hover .link-area-link-icon-hover .heading .icon i.circle-yes,\n\t\t\t\t\t\t.fusion-content-boxes-1 .fusion-content-box-hover .link-area-box-hover .heading .icon i.circle-yes {\n\t\t\t\t\t\t\tbackground-color: #3a4149 !important;\n\t\t\t\t\t\t\tborder-color: #3a4149 !important;\n\t\t\t\t\t\t}<\/style><div class=\"fusion-clearfix\"><\/div><\/div><\/div><\/div><style type=\"text\/css\">.fusion-body .fusion-builder-column-1{width:100% !important;margin-top : 15px;margin-bottom : 15px;}.fusion-builder-column-1 > .fusion-column-wrapper {padding-top : 0px !important;padding-right : 0px !important;margin-right : 1.92%;padding-bottom : 0px !important;padding-left : 0px !important;margin-left : 1.92%;}@media only screen and (max-width:1000px) {.fusion-body .fusion-builder-column-1{width:100% !important;order : 0;}.fusion-builder-column-1 > .fusion-column-wrapper {margin-right : 1.92%;margin-left : 1.92%;}}@media only screen and (max-width:640px) {.fusion-body .fusion-builder-column-1{width:100% !important;order : 0;}.fusion-builder-column-1 > .fusion-column-wrapper {margin-right : 1.92%;margin-left : 1.92%;}}<\/style><\/div><style type=\"text\/css\">.fusion-body .fusion-flex-container.fusion-builder-row-1{ padding-top : 70px;margin-top : 0px;padding-right : 0px;padding-bottom : 70px;margin-bottom : 0px;padding-left : 0px;}<\/style><\/div>\n","protected":false},"excerpt":{"rendered":"","protected":false},"author":1,"featured_media":0,"parent":0,"menu_order":0,"comment_status":"closed","ping_status":"closed","template":"100-width.php","meta":{"footnotes":""},"class_list":["post-1719","page","type-page","status-publish","hentry"],"yoast_head":"<!-- This site is optimized with the Yoast SEO plugin v24.2 - https:\/\/yoast.com\/wordpress\/plugins\/seo\/ -->\n<title>EQUIPO DE \u00c0GER AVENTURA&#039;T \u25b7 Congost de Montrebei y Valle de \u00c0ger<\/title>\n<meta name=\"description\" content=\"Equipo de \u00c0ger Aventura&#039;t: Las personas que hacen posibles las experiencias en el Congost de Montrebei y el Valle de \u00c0ger.\" \/>\n<meta name=\"robots\" content=\"index, follow, max-snippet:-1, max-image-preview:large, max-video-preview:-1\" \/>\n<link rel=\"canonical\" href=\"https:\/\/ageraventurat.com\/es\/quienes-somos\/\" \/>\n<meta property=\"og:locale\" content=\"es_ES\" \/>\n<meta property=\"og:type\" content=\"article\" \/>\n<meta property=\"og:title\" content=\"EQUIPO DE \u00c0GER AVENTURA&#039;T \u25b7 Congost de Montrebei y Valle de \u00c0ger\" \/>\n<meta property=\"og:description\" content=\"Equipo de \u00c0ger Aventura&#039;t: Las personas que hacen posibles las experiencias en el Congost de Montrebei y el Valle de \u00c0ger.\" \/>\n<meta property=\"og:url\" content=\"https:\/\/ageraventurat.com\/es\/quienes-somos\/\" \/>\n<meta property=\"og:site_name\" content=\"Mont Rebei | \u00c0ger Aventura&#039;t\" \/>\n<meta name=\"twitter:card\" content=\"summary_large_image\" \/>\n<meta name=\"twitter:label1\" content=\"Tiempo de lectura\" \/>\n\t<meta name=\"twitter:data1\" content=\"3 minutos\" \/>\n<script type=\"application\/ld+json\" class=\"yoast-schema-graph\">{\"@context\":\"https:\/\/schema.org\",\"@graph\":[{\"@type\":\"WebPage\",\"@id\":\"https:\/\/ageraventurat.com\/es\/quienes-somos\/\",\"url\":\"https:\/\/ageraventurat.com\/es\/quienes-somos\/\",\"name\":\"EQUIPO DE \u00c0GER AVENTURA'T \u25b7 Congost de Montrebei y Valle de \u00c0ger\",\"isPartOf\":{\"@id\":\"https:\/\/ageraventurat.com\/#website\"},\"description\":\"Equipo de \u00c0ger Aventura't: Las personas que hacen posibles las experiencias en el Congost de Montrebei y el Valle de \u00c0ger.\",\"breadcrumb\":{\"@id\":\"https:\/\/ageraventurat.com\/es\/quienes-somos\/#breadcrumb\"},\"inLanguage\":\"es\",\"potentialAction\":[{\"@type\":\"ReadAction\",\"target\":[\"https:\/\/ageraventurat.com\/es\/quienes-somos\/\"]}]},{\"@type\":\"BreadcrumbList\",\"@id\":\"https:\/\/ageraventurat.com\/es\/quienes-somos\/#breadcrumb\",\"itemListElement\":[{\"@type\":\"ListItem\",\"position\":1,\"name\":\"Inici\",\"item\":\"https:\/\/ageraventurat.com\/es\/inici\/\"},{\"@type\":\"ListItem\",\"position\":2,\"name\":\"QUI\u00c9NES SOMOS\"}]},{\"@type\":\"WebSite\",\"@id\":\"https:\/\/ageraventurat.com\/#website\",\"url\":\"https:\/\/ageraventurat.com\/\",\"name\":\"Mont Rebei | \u00c0ger Aventura&#039;t\",\"description\":\"Actividades de aventura: Parapente \u00c0ger, Kayak Congost de Montrebei, trekking, barco, catamar\u00e1n. Muralla de Finestres, escaleras de Montfalc\u00f3, Canelles, La Pertusa...\",\"publisher\":{\"@id\":\"https:\/\/ageraventurat.com\/#organization\"},\"potentialAction\":[{\"@type\":\"SearchAction\",\"target\":{\"@type\":\"EntryPoint\",\"urlTemplate\":\"https:\/\/ageraventurat.com\/?s={search_term_string}\"},\"query-input\":{\"@type\":\"PropertyValueSpecification\",\"valueRequired\":true,\"valueName\":\"search_term_string\"}}],\"inLanguage\":\"es\"},{\"@type\":\"Organization\",\"@id\":\"https:\/\/ageraventurat.com\/#organization\",\"name\":\"\u00c0ger Aventura't\",\"url\":\"https:\/\/ageraventurat.com\/\",\"logo\":{\"@type\":\"ImageObject\",\"inLanguage\":\"es\",\"@id\":\"https:\/\/ageraventurat.com\/#\/schema\/logo\/image\/\",\"url\":\"https:\/\/ageraventurat.com\/wp-content\/uploads\/2023\/01\/logo-ager-aventurat-1x-1.png\",\"contentUrl\":\"https:\/\/ageraventurat.com\/wp-content\/uploads\/2023\/01\/logo-ager-aventurat-1x-1.png\",\"width\":120,\"height\":123,\"caption\":\"\u00c0ger Aventura't\"},\"image\":{\"@id\":\"https:\/\/ageraventurat.com\/#\/schema\/logo\/image\/\"}}]}<\/script>\n<!-- \/ Yoast SEO plugin. -->","yoast_head_json":{"title":"EQUIPO DE \u00c0GER AVENTURA'T \u25b7 Congost de Montrebei y Valle de \u00c0ger","description":"Equipo de \u00c0ger Aventura't: Las personas que hacen posibles las experiencias en el Congost de Montrebei y el Valle de \u00c0ger.","robots":{"index":"index","follow":"follow","max-snippet":"max-snippet:-1","max-image-preview":"max-image-preview:large","max-video-preview":"max-video-preview:-1"},"canonical":"https:\/\/ageraventurat.com\/es\/quienes-somos\/","og_locale":"es_ES","og_type":"article","og_title":"EQUIPO DE \u00c0GER AVENTURA'T \u25b7 Congost de Montrebei y Valle de \u00c0ger","og_description":"Equipo de \u00c0ger Aventura't: Las personas que hacen posibles las experiencias en el Congost de Montrebei y el Valle de \u00c0ger.","og_url":"https:\/\/ageraventurat.com\/es\/quienes-somos\/","og_site_name":"Mont Rebei | \u00c0ger Aventura&#039;t","twitter_card":"summary_large_image","twitter_misc":{"Tiempo de lectura":"3 minutos"},"schema":{"@context":"https:\/\/schema.org","@graph":[{"@type":"WebPage","@id":"https:\/\/ageraventurat.com\/es\/quienes-somos\/","url":"https:\/\/ageraventurat.com\/es\/quienes-somos\/","name":"EQUIPO DE \u00c0GER AVENTURA'T \u25b7 Congost de Montrebei y Valle de \u00c0ger","isPartOf":{"@id":"https:\/\/ageraventurat.com\/#website"},"description":"Equipo de \u00c0ger Aventura't: Las personas que hacen posibles las experiencias en el Congost de Montrebei y el Valle de \u00c0ger.","breadcrumb":{"@id":"https:\/\/ageraventurat.com\/es\/quienes-somos\/#breadcrumb"},"inLanguage":"es","potentialAction":[{"@type":"ReadAction","target":["https:\/\/ageraventurat.com\/es\/quienes-somos\/"]}]},{"@type":"BreadcrumbList","@id":"https:\/\/ageraventurat.com\/es\/quienes-somos\/#breadcrumb","itemListElement":[{"@type":"ListItem","position":1,"name":"Inici","item":"https:\/\/ageraventurat.com\/es\/inici\/"},{"@type":"ListItem","position":2,"name":"QUI\u00c9NES SOMOS"}]},{"@type":"WebSite","@id":"https:\/\/ageraventurat.com\/#website","url":"https:\/\/ageraventurat.com\/","name":"Mont Rebei | \u00c0ger Aventura&#039;t","description":"Actividades de aventura: Parapente \u00c0ger, Kayak Congost de Montrebei, trekking, barco, catamar\u00e1n. Muralla de Finestres, escaleras de Montfalc\u00f3, Canelles, La Pertusa...","publisher":{"@id":"https:\/\/ageraventurat.com\/#organization"},"potentialAction":[{"@type":"SearchAction","target":{"@type":"EntryPoint","urlTemplate":"https:\/\/ageraventurat.com\/?s={search_term_string}"},"query-input":{"@type":"PropertyValueSpecification","valueRequired":true,"valueName":"search_term_string"}}],"inLanguage":"es"},{"@type":"Organization","@id":"https:\/\/ageraventurat.com\/#organization","name":"\u00c0ger Aventura't","url":"https:\/\/ageraventurat.com\/","logo":{"@type":"ImageObject","inLanguage":"es","@id":"https:\/\/ageraventurat.com\/#\/schema\/logo\/image\/","url":"https:\/\/ageraventurat.com\/wp-content\/uploads\/2023\/01\/logo-ager-aventurat-1x-1.png","contentUrl":"https:\/\/ageraventurat.com\/wp-content\/uploads\/2023\/01\/logo-ager-aventurat-1x-1.png","width":120,"height":123,"caption":"\u00c0ger Aventura't"},"image":{"@id":"https:\/\/ageraventurat.com\/#\/schema\/logo\/image\/"}}]}},"_links":{"self":[{"href":"https:\/\/ageraventurat.com\/es\/wp-json\/wp\/v2\/pages\/1719","targetHints":{"allow":["GET"]}}],"collection":[{"href":"https:\/\/ageraventurat.com\/es\/wp-json\/wp\/v2\/pages"}],"about":[{"href":"https:\/\/ageraventurat.com\/es\/wp-json\/wp\/v2\/types\/page"}],"author":[{"embeddable":true,"href":"https:\/\/ageraventurat.com\/es\/wp-json\/wp\/v2\/users\/1"}],"replies":[{"embeddable":true,"href":"https:\/\/ageraventurat.com\/es\/wp-json\/wp\/v2\/comments?post=1719"}],"version-history":[{"count":13,"href":"https:\/\/ageraventurat.com\/es\/wp-json\/wp\/v2\/pages\/1719\/revisions"}],"predecessor-version":[{"id":11371,"href":"https:\/\/ageraventurat.com\/es\/wp-json\/wp\/v2\/pages\/1719\/revisions\/11371"}],"wp:attachment":[{"href":"https:\/\/ageraventurat.com\/es\/wp-json\/wp\/v2\/media?parent=1719"}],"curies":[{"name":"wp","href":"https:\/\/api.w.org\/{rel}","templated":true}]}}