{"id":1801,"date":"2021-10-28T11:51:13","date_gmt":"2021-10-28T11:51:13","guid":{"rendered":"https:\/\/ageraventurat.com\/contacte\/"},"modified":"2023-03-03T12:13:46","modified_gmt":"2023-03-03T12:13:46","slug":"contacto","status":"publish","type":"page","link":"https:\/\/ageraventurat.com\/es\/contacto\/","title":{"rendered":"CONTACTO"},"content":{"rendered":"<p><div class=\"fusion-fullwidth fullwidth-box fusion-builder-row-1 fusion-flex-container nonhundred-percent-fullwidth non-hundred-percent-height-scrolling\" style=\"background-color: rgba(255,255,255,0);background-position: center center;background-repeat: no-repeat;border-width: 0px 0px 0px 0px;border-color:#f7f7f7;border-style:solid;\" ><div class=\"fusion-builder-row fusion-row fusion-flex-align-items-flex-start fusion-flex-justify-content-center\" style=\"max-width:1216.8px;margin-left: calc(-4% \/ 2 );margin-right: calc(-4% \/ 2 );\"><div class=\"fusion-layout-column fusion_builder_column fusion-builder-column-0 fusion_builder_column_3_4 3_4 fusion-flex-column\"><div class=\"fusion-column-wrapper fusion-flex-justify-content-flex-start fusion-content-layout-column\" style=\"background-position:left top;background-repeat:no-repeat;-webkit-background-size:cover;-moz-background-size:cover;-o-background-size:cover;background-size:cover;padding: 0px 0px 0px 0px;\"><div class=\"fusion-text fusion-text-1\" style=\"font-size:24px;transform:translate3d(0,0,0);\"><p style=\"text-align: center;\"><strong>Contacto<\/strong><\/p>\n<p style=\"text-align: center;\">DE T\u00da A T\u00da. Cont\u00e1ctanos para cualquier duda y<br \/>\nte responderemos en breve. ;)<\/p>\n<\/div><\/div><\/div><style type=\"text\/css\">.fusion-body .fusion-builder-column-0{width:75% !important;margin-top : 15px;margin-bottom : 15px;}.fusion-builder-column-0 > .fusion-column-wrapper {padding-top : 0px !important;padding-right : 0px !important;margin-right : 2.56%;padding-bottom : 0px !important;padding-left : 0px !important;margin-left : 2.56%;}@media only screen and (max-width:1000px) {.fusion-body .fusion-builder-column-0{width:100% !important;order : 0;}.fusion-builder-column-0 > .fusion-column-wrapper {margin-right : 1.92%;margin-left : 1.92%;}}@media only screen and (max-width:640px) {.fusion-body .fusion-builder-column-0{width:100% !important;order : 0;}.fusion-builder-column-0 > .fusion-column-wrapper {margin-right : 1.92%;margin-left : 1.92%;}}<\/style><\/div><style type=\"text\/css\">.fusion-body .fusion-flex-container.fusion-builder-row-1{ padding-top : 70px;margin-top : 0px;padding-right : 0px;padding-bottom : 70px;margin-bottom : 0px;padding-left : 0px;}<\/style><\/div><div class=\"fusion-fullwidth fullwidth-box fusion-builder-row-2 fusion-flex-container hundred-percent-fullwidth non-hundred-percent-height-scrolling\" style=\"background-color: rgba(255,255,255,0);background-position: center center;background-repeat: no-repeat;border-width: 0px 0px 0px 0px;border-color:#f7f7f7;border-style:solid;\" ><div class=\"fusion-builder-row fusion-row fusion-flex-align-items-flex-start\" style=\"width:104% !important;max-width:104% !important;margin-left: calc(-4% \/ 2 );margin-right: calc(-4% \/ 2 );\"><div class=\"fusion-layout-column fusion_builder_column fusion-builder-column-1 fusion_builder_column_1_2 1_2 fusion-flex-column\"><div class=\"fusion-column-wrapper fusion-flex-justify-content-flex-start fusion-content-layout-column\" style=\"background-position:left top;background-repeat:no-repeat;-webkit-background-size:cover;-moz-background-size:cover;-o-background-size:cover;background-size:cover;padding: 0px 0px 0px 0px;\"><iframe src=\"https:\/\/www.google.com\/maps\/embed?pb=!1m14!1m8!1m3!1d5927.169146334315!2d0.6619225846543886!3d42.03064353260872!3m2!1i1024!2i768!4f13.1!3m3!1m2!1s0x0%3A0x2556fab12be40333!2s%C3%80ger%20Aventura't%20-%20Parapente%20%2F%20Kayak%20Mont-rebei%20%2F%20Ruta%204x4!5e0!3m2!1sca!2ses!4v1635422006711!5m2!1sca!2ses\" width=\"100%\" height=\"750\" style=\"border:0;\" allowfullscreen=\"\" loading=\"lazy\"><\/iframe><\/div><\/div><style type=\"text\/css\">.fusion-body .fusion-builder-column-1{width:50% !important;margin-top : 0px;margin-bottom : -10px;}.fusion-builder-column-1 > .fusion-column-wrapper {padding-top : 0px !important;padding-right : 0px !important;margin-right : 0%;padding-bottom : 0px !important;padding-left : 0px !important;margin-left : 3.84%;}@media only screen and (max-width:1000px) {.fusion-body .fusion-builder-column-1{width:100% !important;order : 0;}.fusion-builder-column-1 > .fusion-column-wrapper {margin-right : 1.92%;margin-left : 1.92%;}}@media only screen and (max-width:640px) {.fusion-body .fusion-builder-column-1{width:100% !important;order : 0;}.fusion-builder-column-1 > .fusion-column-wrapper {margin-right : 1.92%;margin-left : 1.92%;}}<\/style><div class=\"fusion-layout-column fusion_builder_column fusion-builder-column-2 fusion_builder_column_1_2 1_2 fusion-flex-column\"><div class=\"fusion-column-wrapper fusion-flex-justify-content-flex-start fusion-content-layout-column\" style=\"background-position:left top;background-repeat:no-repeat;-webkit-background-size:cover;-moz-background-size:cover;-o-background-size:cover;background-size:cover;padding: 7% 10% 7% 10%;\"><div class=\"fusion-text fusion-text-2\" style=\"transform:translate3d(0,0,0);\"><div class=\"wpforms-container wpforms-container-full\" id=\"wpforms-2934\"><form id=\"wpforms-form-2934\" class=\"wpforms-validate wpforms-form wpforms-ajax-form\" data-formid=\"2934\" method=\"post\" enctype=\"multipart\/form-data\" action=\"\/es\/wp-json\/wp\/v2\/pages\/1801\" data-token=\"f31c1ba6ab1c0a92d7c355873b3a11b3\" data-token-time=\"1777635733\"><noscript class=\"wpforms-error-noscript\">Por favor, activa JavaScript en tu navegador para completar este formulario.<\/noscript><div class=\"wpforms-field-container\"><div id=\"wpforms-2934-field_0-container\" class=\"wpforms-field wpforms-field-name\" data-field-id=\"0\"><label class=\"wpforms-field-label\" for=\"wpforms-2934-field_0\">Nom i cognoms <span class=\"wpforms-required-label\">*<\/span><\/label><input type=\"text\" id=\"wpforms-2934-field_0\" class=\"wpforms-field-medium wpforms-field-required\" name=\"wpforms[fields][0]\" required><\/div><div id=\"wpforms-2934-field_1-container\" class=\"wpforms-field wpforms-field-email\" data-field-id=\"1\"><label class=\"wpforms-field-label\" for=\"wpforms-2934-field_1\">Correu electr\u00f2nic <span class=\"wpforms-required-label\">*<\/span><\/label><input type=\"email\" id=\"wpforms-2934-field_1\" class=\"wpforms-field-medium wpforms-field-required\" name=\"wpforms[fields][1]\" spellcheck=\"false\" required><\/div><div id=\"wpforms-2934-field_3-container\" class=\"wpforms-field wpforms-field-number\" data-field-id=\"3\"><label class=\"wpforms-field-label\" for=\"wpforms-2934-field_3\">Tel\u00e8fon <span class=\"wpforms-required-label\">*<\/span><\/label><input type=\"number\" id=\"wpforms-2934-field_3\" class=\"wpforms-field-medium wpforms-field-required\" name=\"wpforms[fields][3]\" required><\/div><div id=\"wpforms-2934-field_2-container\" class=\"wpforms-field wpforms-field-textarea\" data-field-id=\"2\"><label class=\"wpforms-field-label\" for=\"wpforms-2934-field_2\">Comentari <span class=\"wpforms-required-label\">*<\/span><\/label><textarea id=\"wpforms-2934-field_2\" class=\"wpforms-field-medium wpforms-field-required\" name=\"wpforms[fields][2]\" required><\/textarea><\/div><\/div><!-- .wpforms-field-container --><div class=\"wpforms-recaptcha-container wpforms-is-recaptcha wpforms-is-recaptcha-type-v3\" ><input type=\"hidden\" name=\"wpforms[recaptcha]\" value=\"\"><\/div><div class=\"wpforms-submit-container\" ><input type=\"hidden\" name=\"wpforms[id]\" value=\"2934\"><input type=\"hidden\" name=\"page_title\" value=\"\"><input type=\"hidden\" name=\"page_url\" value=\"https:\/\/ageraventurat.com\/es\/wp-json\/wp\/v2\/pages\/1801\"><button type=\"submit\" name=\"wpforms[submit]\" id=\"wpforms-submit-2934\" class=\"wpforms-submit\" data-alt-text=\"Enviant...\" data-submit-text=\"Enviar\" aria-live=\"assertive\" value=\"wpforms-submit\">Enviar<\/button><img decoding=\"async\" src=\"data:image\/svg+xml,%3Csvg%20xmlns%3D%27http%3A%2F%2Fwww.w3.org%2F2000%2Fsvg%27%20width%3D%2726%27%20height%3D%2726%27%20viewBox%3D%270%200%2026%2026%27%3E%3Crect%20width%3D%2726%27%20height%3D%27326%27%20fill-opacity%3D%220%22%2F%3E%3C%2Fsvg%3E\" data-orig-src=\"https:\/\/ageraventurat.com\/wp-content\/plugins\/wpforms-lite\/assets\/images\/submit-spin.svg\" class=\"lazyload wpforms-submit-spinner\" style=\"display: none;\" width=\"26\" height=\"26\" alt=\"Cargando\"><\/div><\/form><\/div>  <!-- .wpforms-container -->\n<\/div><\/div><\/div><style type=\"text\/css\">.fusion-body .fusion-builder-column-2{width:50% !important;margin-top : 0px;margin-bottom : 0px;}.fusion-builder-column-2 > .fusion-column-wrapper {padding-top : 7% !important;padding-right : 10% !important;margin-right : 0%;padding-bottom : 7% !important;padding-left : 10% !important;margin-left : 0%;}@media only screen and (max-width:1000px) {.fusion-body .fusion-builder-column-2{width:100% !important;order : 0;}.fusion-builder-column-2 > .fusion-column-wrapper {margin-right : 1.92%;margin-left : 1.92%;}}@media only screen and (max-width:640px) {.fusion-body .fusion-builder-column-2{width:100% !important;order : 0;}.fusion-builder-column-2 > .fusion-column-wrapper {margin-right : 1.92%;margin-left : 1.92%;}}<\/style><\/div><style type=\"text\/css\">.fusion-body .fusion-flex-container.fusion-builder-row-2{ padding-top : 0px;margin-top : 0px;padding-right : 0px;padding-bottom : 0px;margin-bottom : 0px;padding-left : 0px;}<\/style><\/div><\/p>\n","protected":false},"excerpt":{"rendered":"","protected":false},"author":1,"featured_media":0,"parent":0,"menu_order":0,"comment_status":"closed","ping_status":"closed","template":"100-width.php","meta":{"footnotes":""},"class_list":["post-1801","page","type-page","status-publish","hentry"],"yoast_head":"<!-- This site is optimized with the Yoast SEO plugin v24.2 - https:\/\/yoast.com\/wordpress\/plugins\/seo\/ -->\n<title>CONTACTO MONT REBEI \u25b7 \u00c0ger Aventura&#039;t<\/title>\n<meta name=\"description\" content=\"Contacta con nosotros si te surge cualquier duda sobre nuestras actividades en Montrebei y el valle de \u00c0ger.\" \/>\n<meta name=\"robots\" content=\"index, follow, max-snippet:-1, max-image-preview:large, max-video-preview:-1\" \/>\n<link rel=\"canonical\" href=\"https:\/\/ageraventurat.com\/es\/contacto\/\" \/>\n<meta property=\"og:locale\" content=\"es_ES\" \/>\n<meta property=\"og:type\" content=\"article\" \/>\n<meta property=\"og:title\" content=\"CONTACTO MONT REBEI \u25b7 \u00c0ger Aventura&#039;t\" \/>\n<meta property=\"og:description\" content=\"Contacta con nosotros si te surge cualquier duda sobre nuestras actividades en Montrebei y el valle de \u00c0ger.\" \/>\n<meta property=\"og:url\" content=\"https:\/\/ageraventurat.com\/es\/contacto\/\" \/>\n<meta property=\"og:site_name\" content=\"Mont Rebei | \u00c0ger Aventura&#039;t\" \/>\n<meta name=\"twitter:card\" content=\"summary_large_image\" \/>\n<meta name=\"twitter:label1\" content=\"Tiempo de lectura\" \/>\n\t<meta name=\"twitter:data1\" content=\"2 minutos\" \/>\n<script type=\"application\/ld+json\" class=\"yoast-schema-graph\">{\"@context\":\"https:\/\/schema.org\",\"@graph\":[{\"@type\":\"WebPage\",\"@id\":\"https:\/\/ageraventurat.com\/es\/contacto\/\",\"url\":\"https:\/\/ageraventurat.com\/es\/contacto\/\",\"name\":\"CONTACTO MONT REBEI \u25b7 \u00c0ger Aventura't\",\"isPartOf\":{\"@id\":\"https:\/\/ageraventurat.com\/#website\"},\"description\":\"Contacta con nosotros si te surge cualquier duda sobre nuestras actividades en Montrebei y el valle de \u00c0ger.\",\"breadcrumb\":{\"@id\":\"https:\/\/ageraventurat.com\/es\/contacto\/#breadcrumb\"},\"inLanguage\":\"es\",\"potentialAction\":[{\"@type\":\"ReadAction\",\"target\":[\"https:\/\/ageraventurat.com\/es\/contacto\/\"]}]},{\"@type\":\"BreadcrumbList\",\"@id\":\"https:\/\/ageraventurat.com\/es\/contacto\/#breadcrumb\",\"itemListElement\":[{\"@type\":\"ListItem\",\"position\":1,\"name\":\"Inici\",\"item\":\"https:\/\/ageraventurat.com\/es\/inici\/\"},{\"@type\":\"ListItem\",\"position\":2,\"name\":\"CONTACTO\"}]},{\"@type\":\"WebSite\",\"@id\":\"https:\/\/ageraventurat.com\/#website\",\"url\":\"https:\/\/ageraventurat.com\/\",\"name\":\"Mont Rebei | \u00c0ger Aventura&#039;t\",\"description\":\"Actividades de aventura: Parapente \u00c0ger, Kayak Congost de Montrebei, trekking, barco, catamar\u00e1n. Muralla de Finestres, escaleras de Montfalc\u00f3, Canelles, La Pertusa...\",\"publisher\":{\"@id\":\"https:\/\/ageraventurat.com\/#organization\"},\"potentialAction\":[{\"@type\":\"SearchAction\",\"target\":{\"@type\":\"EntryPoint\",\"urlTemplate\":\"https:\/\/ageraventurat.com\/?s={search_term_string}\"},\"query-input\":{\"@type\":\"PropertyValueSpecification\",\"valueRequired\":true,\"valueName\":\"search_term_string\"}}],\"inLanguage\":\"es\"},{\"@type\":\"Organization\",\"@id\":\"https:\/\/ageraventurat.com\/#organization\",\"name\":\"\u00c0ger Aventura't\",\"url\":\"https:\/\/ageraventurat.com\/\",\"logo\":{\"@type\":\"ImageObject\",\"inLanguage\":\"es\",\"@id\":\"https:\/\/ageraventurat.com\/#\/schema\/logo\/image\/\",\"url\":\"https:\/\/ageraventurat.com\/wp-content\/uploads\/2023\/01\/logo-ager-aventurat-1x-1.png\",\"contentUrl\":\"https:\/\/ageraventurat.com\/wp-content\/uploads\/2023\/01\/logo-ager-aventurat-1x-1.png\",\"width\":120,\"height\":123,\"caption\":\"\u00c0ger Aventura't\"},\"image\":{\"@id\":\"https:\/\/ageraventurat.com\/#\/schema\/logo\/image\/\"}}]}<\/script>\n<!-- \/ Yoast SEO plugin. -->","yoast_head_json":{"title":"CONTACTO MONT REBEI \u25b7 \u00c0ger Aventura't","description":"Contacta con nosotros si te surge cualquier duda sobre nuestras actividades en Montrebei y el valle de \u00c0ger.","robots":{"index":"index","follow":"follow","max-snippet":"max-snippet:-1","max-image-preview":"max-image-preview:large","max-video-preview":"max-video-preview:-1"},"canonical":"https:\/\/ageraventurat.com\/es\/contacto\/","og_locale":"es_ES","og_type":"article","og_title":"CONTACTO MONT REBEI \u25b7 \u00c0ger Aventura't","og_description":"Contacta con nosotros si te surge cualquier duda sobre nuestras actividades en Montrebei y el valle de \u00c0ger.","og_url":"https:\/\/ageraventurat.com\/es\/contacto\/","og_site_name":"Mont Rebei | \u00c0ger Aventura&#039;t","twitter_card":"summary_large_image","twitter_misc":{"Tiempo de lectura":"2 minutos"},"schema":{"@context":"https:\/\/schema.org","@graph":[{"@type":"WebPage","@id":"https:\/\/ageraventurat.com\/es\/contacto\/","url":"https:\/\/ageraventurat.com\/es\/contacto\/","name":"CONTACTO MONT REBEI \u25b7 \u00c0ger Aventura't","isPartOf":{"@id":"https:\/\/ageraventurat.com\/#website"},"description":"Contacta con nosotros si te surge cualquier duda sobre nuestras actividades en Montrebei y el valle de \u00c0ger.","breadcrumb":{"@id":"https:\/\/ageraventurat.com\/es\/contacto\/#breadcrumb"},"inLanguage":"es","potentialAction":[{"@type":"ReadAction","target":["https:\/\/ageraventurat.com\/es\/contacto\/"]}]},{"@type":"BreadcrumbList","@id":"https:\/\/ageraventurat.com\/es\/contacto\/#breadcrumb","itemListElement":[{"@type":"ListItem","position":1,"name":"Inici","item":"https:\/\/ageraventurat.com\/es\/inici\/"},{"@type":"ListItem","position":2,"name":"CONTACTO"}]},{"@type":"WebSite","@id":"https:\/\/ageraventurat.com\/#website","url":"https:\/\/ageraventurat.com\/","name":"Mont Rebei | \u00c0ger Aventura&#039;t","description":"Actividades de aventura: Parapente \u00c0ger, Kayak Congost de Montrebei, trekking, barco, catamar\u00e1n. Muralla de Finestres, escaleras de Montfalc\u00f3, Canelles, La Pertusa...","publisher":{"@id":"https:\/\/ageraventurat.com\/#organization"},"potentialAction":[{"@type":"SearchAction","target":{"@type":"EntryPoint","urlTemplate":"https:\/\/ageraventurat.com\/?s={search_term_string}"},"query-input":{"@type":"PropertyValueSpecification","valueRequired":true,"valueName":"search_term_string"}}],"inLanguage":"es"},{"@type":"Organization","@id":"https:\/\/ageraventurat.com\/#organization","name":"\u00c0ger Aventura't","url":"https:\/\/ageraventurat.com\/","logo":{"@type":"ImageObject","inLanguage":"es","@id":"https:\/\/ageraventurat.com\/#\/schema\/logo\/image\/","url":"https:\/\/ageraventurat.com\/wp-content\/uploads\/2023\/01\/logo-ager-aventurat-1x-1.png","contentUrl":"https:\/\/ageraventurat.com\/wp-content\/uploads\/2023\/01\/logo-ager-aventurat-1x-1.png","width":120,"height":123,"caption":"\u00c0ger Aventura't"},"image":{"@id":"https:\/\/ageraventurat.com\/#\/schema\/logo\/image\/"}}]}},"_links":{"self":[{"href":"https:\/\/ageraventurat.com\/es\/wp-json\/wp\/v2\/pages\/1801","targetHints":{"allow":["GET"]}}],"collection":[{"href":"https:\/\/ageraventurat.com\/es\/wp-json\/wp\/v2\/pages"}],"about":[{"href":"https:\/\/ageraventurat.com\/es\/wp-json\/wp\/v2\/types\/page"}],"author":[{"embeddable":true,"href":"https:\/\/ageraventurat.com\/es\/wp-json\/wp\/v2\/users\/1"}],"replies":[{"embeddable":true,"href":"https:\/\/ageraventurat.com\/es\/wp-json\/wp\/v2\/comments?post=1801"}],"version-history":[{"count":10,"href":"https:\/\/ageraventurat.com\/es\/wp-json\/wp\/v2\/pages\/1801\/revisions"}],"predecessor-version":[{"id":12186,"href":"https:\/\/ageraventurat.com\/es\/wp-json\/wp\/v2\/pages\/1801\/revisions\/12186"}],"wp:attachment":[{"href":"https:\/\/ageraventurat.com\/es\/wp-json\/wp\/v2\/media?parent=1801"}],"curies":[{"name":"wp","href":"https:\/\/api.w.org\/{rel}","templated":true}]}}